{"id":12,"date":"2021-11-16T10:47:24","date_gmt":"2021-11-16T10:47:24","guid":{"rendered":"https:\/\/hubertus-mehlem.de\/?page_id=12"},"modified":"2024-05-24T13:04:52","modified_gmt":"2024-05-24T13:04:52","slug":"startseite","status":"publish","type":"page","link":"https:\/\/hubertus-mehlem.de\/","title":{"rendered":"Startseite"},"content":{"rendered":"\n<p>Willkommen auf der Webseite der St. Hubertus Sch\u00fctzengesellschaft Mehlem 1850 e.V.<\/p>\n\n\n\n<p>Gegr\u00fcndet wurde der Verein im Jahr 1850 &#8211; ein Zusammenschluss von Schie\u00dfsportbegeisterten, die sowohl die Tradition als auch die Innovation des Schie\u00dfsportes wertsch\u00e4tzen.<\/p>\n\n\n\n<p>In unserem Verein kommt die Geselligkeit nicht zu kurz. Wir setzen uns aktiv daf\u00fcr ein, dass jeder, unabh\u00e4ngig von Herkunft, Geschlecht oder F\u00e4higkeiten, in unserem Verein willkommen ist und sich wohl f\u00fchlt.<\/p>\n\n\n\n<figure class=\"wp-block-image size-large\"><img loading=\"lazy\" decoding=\"async\" width=\"1024\" height=\"683\" src=\"https:\/\/hubertus-mehlem.de\/wp-content\/uploads\/2024\/05\/20220705-Entenrenner2022-HJW022-1-1024x683.jpg\" alt=\"\" class=\"wp-image-91\" srcset=\"https:\/\/hubertus-mehlem.de\/wp-content\/uploads\/2024\/05\/20220705-Entenrenner2022-HJW022-1-1024x683.jpg 1024w, https:\/\/hubertus-mehlem.de\/wp-content\/uploads\/2024\/05\/20220705-Entenrenner2022-HJW022-1-300x200.jpg 300w, https:\/\/hubertus-mehlem.de\/wp-content\/uploads\/2024\/05\/20220705-Entenrenner2022-HJW022-1-768x512.jpg 768w, https:\/\/hubertus-mehlem.de\/wp-content\/uploads\/2024\/05\/20220705-Entenrenner2022-HJW022-1-1536x1024.jpg 1536w, https:\/\/hubertus-mehlem.de\/wp-content\/uploads\/2024\/05\/20220705-Entenrenner2022-HJW022-1-2048x1366.jpg 2048w\" sizes=\"auto, (max-width: 706px) 89vw, (max-width: 767px) 82vw, 740px\" \/><\/figure>\n","protected":false},"excerpt":{"rendered":"<p>Willkommen auf der Webseite der St. Hubertus Sch\u00fctzengesellschaft Mehlem 1850 e.V. Gegr\u00fcndet wurde der Verein im Jahr 1850 &#8211; ein Zusammenschluss von Schie\u00dfsportbegeisterten, die sowohl die Tradition als auch die &hellip; <\/p>\n<p class=\"link-more\"><a href=\"https:\/\/hubertus-mehlem.de\/\" class=\"more-link\"><span class=\"screen-reader-text\">\u201eStartseite\u201c <\/span>weiterlesen<\/a><\/p>\n","protected":false},"author":1,"featured_media":0,"parent":0,"menu_order":0,"comment_status":"closed","ping_status":"closed","template":"","meta":{"footnotes":""},"class_list":["post-12","page","type-page","status-publish","hentry"],"_links":{"self":[{"href":"https:\/\/hubertus-mehlem.de\/index.php?rest_route=\/wp\/v2\/pages\/12","targetHints":{"allow":["GET"]}}],"collection":[{"href":"https:\/\/hubertus-mehlem.de\/index.php?rest_route=\/wp\/v2\/pages"}],"about":[{"href":"https:\/\/hubertus-mehlem.de\/index.php?rest_route=\/wp\/v2\/types\/page"}],"author":[{"embeddable":true,"href":"https:\/\/hubertus-mehlem.de\/index.php?rest_route=\/wp\/v2\/users\/1"}],"replies":[{"embeddable":true,"href":"https:\/\/hubertus-mehlem.de\/index.php?rest_route=%2Fwp%2Fv2%2Fcomments&post=12"}],"version-history":[{"count":5,"href":"https:\/\/hubertus-mehlem.de\/index.php?rest_route=\/wp\/v2\/pages\/12\/revisions"}],"predecessor-version":[{"id":105,"href":"https:\/\/hubertus-mehlem.de\/index.php?rest_route=\/wp\/v2\/pages\/12\/revisions\/105"}],"wp:attachment":[{"href":"https:\/\/hubertus-mehlem.de\/index.php?rest_route=%2Fwp%2Fv2%2Fmedia&parent=12"}],"curies":[{"name":"wp","href":"https:\/\/api.w.org\/{rel}","templated":true}]}}